{"id":167,"date":"2021-01-27T15:23:09","date_gmt":"2021-01-27T15:23:09","guid":{"rendered":"https:\/\/prominserrano.com\/web\/index.php\/personalizar-cookies\/"},"modified":"2021-01-27T15:23:09","modified_gmt":"2021-01-27T15:23:09","slug":"personalizar-cookies","status":"publish","type":"page","link":"https:\/\/prominserrano.com\/web\/index.php\/personalizar-cookies\/","title":{"rendered":"Personalizar Cookies"},"content":{"rendered":"\n<div>\n      <div id=\"custom-cookies-eu-label\">\n\n        Utilizamos cookies en nuestro sitio web para ofrecerle la mejor experiencia. Al hacer clic en <strong>Aceptar<\/strong>, usted acepta el uso de TODAS las cookies.\n          &nbsp;&nbsp;\n          <a target=\"_blank\" id=\"cookies-eu-more\" rel=\"nofollow\" href=\"https:\/\/prominserrano.com\/web\/index.php\/politica-de-cookies\/\">M\u00e1s informaci\u00f3n<\/a>\n      <\/div>\n\n      <div id=\"custom-cookies-eu-buttons\" class=\"cookies-eu-buttons\">\n        <button id=\"custom-cookies-eu-reject\" class=\"cookies-eu-reject\">Rechazar<\/button>\n        <button id=\"custom-cookies-eu-accept\" class=\"cookies-eu-accept\">ACEPTAR TODAS LAS COOKIES<\/button><\/div>\n      <\/div>\n\n<br\/>\n<p>\n\tPuedes cambiar tus preferencias de cookies en cualquier momento si vuelves a la p\u00e1gina de Personalizar cookies, a la que puedes acceder a trav\u00e9s del Aviso de cookies. Para obtener m\u00e1s informaci\u00f3n sobre las cookies y c\u00f3mo las usamos, consulta la p\u00e1gina de <a href=\"https:\/\/prominserrano.com\/web\/index.php\/politica-de-cookies\/\">Pol\u00edtica de Cookies<\/a>.\n<\/p>\n\n<h3>Cookies t\u00e9cnicas<\/h3>\n<p>\n\tSon aquellas que permiten a los usuarios registrados navegar a trav\u00e9s del sitio Web, del \u00e1rea restringida y a utilizar sus diferentes funciones, como por ejemplo, el sistema de comentarios o el buscador y no pueden ser desactivadas.\n<\/p>\n\n\n","protected":false},"excerpt":{"rendered":"<p>Utilizamos cookies en nuestro sitio web para ofrecerle la mejor experiencia. Al hacer clic en Aceptar, usted acepta el uso de TODAS las cookies. &nbsp;&nbsp; M\u00e1s informaci\u00f3n Rechazar ACEPTAR TODAS LAS COOKIES Puedes cambiar tus preferencias de cookies en cualquier momento si vuelves a la p\u00e1gina de Personalizar cookies, a la que puedes acceder a&hellip; <a class=\"more-link\" href=\"https:\/\/prominserrano.com\/web\/index.php\/personalizar-cookies\/\">Seguir leyendo <span class=\"screen-reader-text\">Personalizar Cookies<\/span><\/a><\/p>\n","protected":false},"author":2,"featured_media":0,"parent":0,"menu_order":0,"comment_status":"closed","ping_status":"closed","template":"","meta":[],"yoast_head":"<!-- This site is optimized with the Yoast SEO plugin v20.2.1 - https:\/\/yoast.com\/wordpress\/plugins\/seo\/ -->\n<title>Personalizar Cookies - Promociones inmobiliarias Serrano<\/title>\n<meta name=\"robots\" content=\"index, follow, max-snippet:-1, max-image-preview:large, max-video-preview:-1\" \/>\n<link rel=\"canonical\" href=\"https:\/\/prominserrano.com\/web\/index.php\/personalizar-cookies\/\" \/>\n<meta property=\"og:locale\" content=\"es_ES\" \/>\n<meta property=\"og:type\" content=\"article\" \/>\n<meta property=\"og:title\" content=\"Personalizar Cookies - Promociones inmobiliarias Serrano\" \/>\n<meta property=\"og:description\" content=\"Utilizamos cookies en nuestro sitio web para ofrecerle la mejor experiencia. Al hacer clic en Aceptar, usted acepta el uso de TODAS las cookies. &nbsp;&nbsp; M\u00e1s informaci\u00f3n Rechazar ACEPTAR TODAS LAS COOKIES Puedes cambiar tus preferencias de cookies en cualquier momento si vuelves a la p\u00e1gina de Personalizar cookies, a la que puedes acceder a&hellip; Seguir leyendo Personalizar Cookies\" \/>\n<meta property=\"og:url\" content=\"https:\/\/prominserrano.com\/web\/index.php\/personalizar-cookies\/\" \/>\n<meta property=\"og:site_name\" content=\"Promociones inmobiliarias Serrano\" \/>\n<meta name=\"twitter:card\" content=\"summary_large_image\" \/>\n<script type=\"application\/ld+json\" class=\"yoast-schema-graph\">{\"@context\":\"https:\/\/schema.org\",\"@graph\":[{\"@type\":\"WebPage\",\"@id\":\"https:\/\/prominserrano.com\/web\/index.php\/personalizar-cookies\/\",\"url\":\"https:\/\/prominserrano.com\/web\/index.php\/personalizar-cookies\/\",\"name\":\"Personalizar Cookies - Promociones inmobiliarias Serrano\",\"isPartOf\":{\"@id\":\"https:\/\/prominserrano.com\/web\/#website\"},\"datePublished\":\"2021-01-27T15:23:09+00:00\",\"dateModified\":\"2021-01-27T15:23:09+00:00\",\"breadcrumb\":{\"@id\":\"https:\/\/prominserrano.com\/web\/index.php\/personalizar-cookies\/#breadcrumb\"},\"inLanguage\":\"es\",\"potentialAction\":[{\"@type\":\"ReadAction\",\"target\":[\"https:\/\/prominserrano.com\/web\/index.php\/personalizar-cookies\/\"]}]},{\"@type\":\"BreadcrumbList\",\"@id\":\"https:\/\/prominserrano.com\/web\/index.php\/personalizar-cookies\/#breadcrumb\",\"itemListElement\":[{\"@type\":\"ListItem\",\"position\":1,\"name\":\"Portada\",\"item\":\"https:\/\/prominserrano.com\/web\/\"},{\"@type\":\"ListItem\",\"position\":2,\"name\":\"Personalizar Cookies\"}]},{\"@type\":\"WebSite\",\"@id\":\"https:\/\/prominserrano.com\/web\/#website\",\"url\":\"https:\/\/prominserrano.com\/web\/\",\"name\":\"Promociones inmobiliarias Serrano\",\"description\":\"\",\"publisher\":{\"@id\":\"https:\/\/prominserrano.com\/web\/#organization\"},\"potentialAction\":[{\"@type\":\"SearchAction\",\"target\":{\"@type\":\"EntryPoint\",\"urlTemplate\":\"https:\/\/prominserrano.com\/web\/?s={search_term_string}\"},\"query-input\":\"required name=search_term_string\"}],\"inLanguage\":\"es\"},{\"@type\":\"Organization\",\"@id\":\"https:\/\/prominserrano.com\/web\/#organization\",\"name\":\"Promociones inmobiliarias Serrano\",\"url\":\"https:\/\/prominserrano.com\/web\/\",\"logo\":{\"@type\":\"ImageObject\",\"inLanguage\":\"es\",\"@id\":\"https:\/\/prominserrano.com\/web\/#\/schema\/logo\/image\/\",\"url\":\"https:\/\/prominserrano.com\/web\/wp-content\/uploads\/2020\/12\/logo_without_white.png\",\"contentUrl\":\"https:\/\/prominserrano.com\/web\/wp-content\/uploads\/2020\/12\/logo_without_white.png\",\"width\":394,\"height\":86,\"caption\":\"Promociones inmobiliarias Serrano\"},\"image\":{\"@id\":\"https:\/\/prominserrano.com\/web\/#\/schema\/logo\/image\/\"}}]}<\/script>\n<!-- \/ Yoast SEO plugin. -->","yoast_head_json":{"title":"Personalizar Cookies - Promociones inmobiliarias Serrano","robots":{"index":"index","follow":"follow","max-snippet":"max-snippet:-1","max-image-preview":"max-image-preview:large","max-video-preview":"max-video-preview:-1"},"canonical":"https:\/\/prominserrano.com\/web\/index.php\/personalizar-cookies\/","og_locale":"es_ES","og_type":"article","og_title":"Personalizar Cookies - Promociones inmobiliarias Serrano","og_description":"Utilizamos cookies en nuestro sitio web para ofrecerle la mejor experiencia. Al hacer clic en Aceptar, usted acepta el uso de TODAS las cookies. &nbsp;&nbsp; M\u00e1s informaci\u00f3n Rechazar ACEPTAR TODAS LAS COOKIES Puedes cambiar tus preferencias de cookies en cualquier momento si vuelves a la p\u00e1gina de Personalizar cookies, a la que puedes acceder a&hellip; Seguir leyendo Personalizar Cookies","og_url":"https:\/\/prominserrano.com\/web\/index.php\/personalizar-cookies\/","og_site_name":"Promociones inmobiliarias Serrano","twitter_card":"summary_large_image","schema":{"@context":"https:\/\/schema.org","@graph":[{"@type":"WebPage","@id":"https:\/\/prominserrano.com\/web\/index.php\/personalizar-cookies\/","url":"https:\/\/prominserrano.com\/web\/index.php\/personalizar-cookies\/","name":"Personalizar Cookies - Promociones inmobiliarias Serrano","isPartOf":{"@id":"https:\/\/prominserrano.com\/web\/#website"},"datePublished":"2021-01-27T15:23:09+00:00","dateModified":"2021-01-27T15:23:09+00:00","breadcrumb":{"@id":"https:\/\/prominserrano.com\/web\/index.php\/personalizar-cookies\/#breadcrumb"},"inLanguage":"es","potentialAction":[{"@type":"ReadAction","target":["https:\/\/prominserrano.com\/web\/index.php\/personalizar-cookies\/"]}]},{"@type":"BreadcrumbList","@id":"https:\/\/prominserrano.com\/web\/index.php\/personalizar-cookies\/#breadcrumb","itemListElement":[{"@type":"ListItem","position":1,"name":"Portada","item":"https:\/\/prominserrano.com\/web\/"},{"@type":"ListItem","position":2,"name":"Personalizar Cookies"}]},{"@type":"WebSite","@id":"https:\/\/prominserrano.com\/web\/#website","url":"https:\/\/prominserrano.com\/web\/","name":"Promociones inmobiliarias Serrano","description":"","publisher":{"@id":"https:\/\/prominserrano.com\/web\/#organization"},"potentialAction":[{"@type":"SearchAction","target":{"@type":"EntryPoint","urlTemplate":"https:\/\/prominserrano.com\/web\/?s={search_term_string}"},"query-input":"required name=search_term_string"}],"inLanguage":"es"},{"@type":"Organization","@id":"https:\/\/prominserrano.com\/web\/#organization","name":"Promociones inmobiliarias Serrano","url":"https:\/\/prominserrano.com\/web\/","logo":{"@type":"ImageObject","inLanguage":"es","@id":"https:\/\/prominserrano.com\/web\/#\/schema\/logo\/image\/","url":"https:\/\/prominserrano.com\/web\/wp-content\/uploads\/2020\/12\/logo_without_white.png","contentUrl":"https:\/\/prominserrano.com\/web\/wp-content\/uploads\/2020\/12\/logo_without_white.png","width":394,"height":86,"caption":"Promociones inmobiliarias Serrano"},"image":{"@id":"https:\/\/prominserrano.com\/web\/#\/schema\/logo\/image\/"}}]}},"_links":{"self":[{"href":"https:\/\/prominserrano.com\/web\/index.php\/wp-json\/wp\/v2\/pages\/167"}],"collection":[{"href":"https:\/\/prominserrano.com\/web\/index.php\/wp-json\/wp\/v2\/pages"}],"about":[{"href":"https:\/\/prominserrano.com\/web\/index.php\/wp-json\/wp\/v2\/types\/page"}],"author":[{"embeddable":true,"href":"https:\/\/prominserrano.com\/web\/index.php\/wp-json\/wp\/v2\/users\/2"}],"replies":[{"embeddable":true,"href":"https:\/\/prominserrano.com\/web\/index.php\/wp-json\/wp\/v2\/comments?post=167"}],"version-history":[{"count":0,"href":"https:\/\/prominserrano.com\/web\/index.php\/wp-json\/wp\/v2\/pages\/167\/revisions"}],"wp:attachment":[{"href":"https:\/\/prominserrano.com\/web\/index.php\/wp-json\/wp\/v2\/media?parent=167"}],"curies":[{"name":"wp","href":"https:\/\/api.w.org\/{rel}","templated":true}]}}